{"id":861,"date":"2024-11-27T12:37:06","date_gmt":"2024-11-27T12:37:06","guid":{"rendered":"https:\/\/escalechezyanis.fr\/?page_id=861"},"modified":"2024-11-27T12:37:06","modified_gmt":"2024-11-27T12:37:06","slug":"alphad","status":"publish","type":"page","link":"https:\/\/escalechezyanis.fr\/index.php\/alphad\/","title":{"rendered":"AlphaD"},"content":{"rendered":"\n<p>Il s&rsquo;agit d&rsquo;un jeu invent\u00e9 et r\u00e9alis\u00e9 par moi-m\u00eame lors d&rsquo;un atelier d\u00e9couverte de l&rsquo;impression 3D sur la base d&rsquo;un D\u00e9.<br><\/p>\n\n\n\n<p><\/p>\n\n\n\n<figure class=\"wp-block-image size-large\"><img loading=\"lazy\" decoding=\"async\" width=\"1024\" height=\"768\" src=\"https:\/\/escalechezyanis.fr\/wp-content\/uploads\/2024\/11\/AlphaD-1024x768.jpg\" alt=\"\" class=\"wp-image-862\" srcset=\"https:\/\/escalechezyanis.fr\/wp-content\/uploads\/2024\/11\/AlphaD-1024x768.jpg 1024w, https:\/\/escalechezyanis.fr\/wp-content\/uploads\/2024\/11\/AlphaD-300x225.jpg 300w, https:\/\/escalechezyanis.fr\/wp-content\/uploads\/2024\/11\/AlphaD-768x576.jpg 768w, https:\/\/escalechezyanis.fr\/wp-content\/uploads\/2024\/11\/AlphaD-1536x1152.jpg 1536w, https:\/\/escalechezyanis.fr\/wp-content\/uploads\/2024\/11\/AlphaD-2048x1536.jpg 2048w, https:\/\/escalechezyanis.fr\/wp-content\/uploads\/2024\/11\/AlphaD-850x638.jpg 850w\" sizes=\"(max-width: 1024px) 100vw, 1024px\" \/><\/figure>\n","protected":false},"excerpt":{"rendered":"<p>Il s&rsquo;agit d&rsquo;un jeu invent\u00e9 et r\u00e9alis\u00e9 par moi-m\u00eame lors d&rsquo;un atelier d\u00e9couverte de l&rsquo;impression 3D sur la base d&rsquo;un D\u00e9.<\/p>\n","protected":false},"author":1,"featured_media":0,"parent":0,"menu_order":0,"comment_status":"closed","ping_status":"closed","template":"","meta":{"footnotes":""},"_links":{"self":[{"href":"https:\/\/escalechezyanis.fr\/index.php\/wp-json\/wp\/v2\/pages\/861"}],"collection":[{"href":"https:\/\/escalechezyanis.fr\/index.php\/wp-json\/wp\/v2\/pages"}],"about":[{"href":"https:\/\/escalechezyanis.fr\/index.php\/wp-json\/wp\/v2\/types\/page"}],"author":[{"embeddable":true,"href":"https:\/\/escalechezyanis.fr\/index.php\/wp-json\/wp\/v2\/users\/1"}],"replies":[{"embeddable":true,"href":"https:\/\/escalechezyanis.fr\/index.php\/wp-json\/wp\/v2\/comments?post=861"}],"version-history":[{"count":1,"href":"https:\/\/escalechezyanis.fr\/index.php\/wp-json\/wp\/v2\/pages\/861\/revisions"}],"predecessor-version":[{"id":863,"href":"https:\/\/escalechezyanis.fr\/index.php\/wp-json\/wp\/v2\/pages\/861\/revisions\/863"}],"wp:attachment":[{"href":"https:\/\/escalechezyanis.fr\/index.php\/wp-json\/wp\/v2\/media?parent=861"}],"curies":[{"name":"wp","href":"https:\/\/api.w.org\/{rel}","templated":true}]}}