{"id":435,"date":"2023-08-17T08:58:45","date_gmt":"2023-08-17T08:58:45","guid":{"rendered":"https:\/\/www.escalechezyanis.fr\/?page_id=435"},"modified":"2024-11-27T12:46:11","modified_gmt":"2024-11-27T12:46:11","slug":"mon-projet","status":"publish","type":"page","link":"https:\/\/escalechezyanis.fr\/index.php\/mon-projet\/","title":{"rendered":"Mon projet"},"content":{"rendered":"\n<p>Mon projet a pour but de cr\u00e9er ma propre voiture radiocommand\u00e9e. Ce projet relie mes deux centres d&rsquo;int\u00e9r\u00eat : <em>l&rsquo;automobile <\/em>et <em>l&rsquo;informatique<\/em>.<\/p>\n\n\n\n<p><\/p>\n\n\n\n<p>Les 3 grandes parties : <\/p>\n\n\n\n<ol>\n<li><strong><em>Les Dessins Techniques: <\/em><\/strong> Les dessins techniques permettent de concevoir la base de notre projet. L\u00e0 le ch\u00e2ssis de la voiture et la coque.<\/li>\n\n\n\n<li><strong><em>L&rsquo;impression 3d: <\/em><\/strong> L&rsquo;impression 3d est le moment o\u00f9 on a fini les dessins techniques et qu&rsquo;on les envoie \u00e0 l&rsquo;imprimante 3d qui gr\u00e2ce \u00e0 des filaments de plastiques va fabriquer la pi\u00e8ce que nous avons mod\u00e9liser sur l&rsquo;ordinateur.<\/li>\n\n\n\n<li><strong><em>L&rsquo;informatique\/Programmation:   <\/em><\/strong> Cette partie consiste \u00e0 faire fonctionner la voiture. Je vais donc d\u00e9velopper du code que je vais envoyer \u00e0 une carte \u00e9lectronique qui va me permettre de faire avancer ou reculer la voiture, allumer les feux avant ou arri\u00e8re par exemple avec du mat\u00e9riel particulier (c\u00e2bles m\u00e2le-femelle, leds, des roues avec des moteurs, etc&#8230;)<\/li>\n<\/ol>\n\n\n\n<div class=\"wp-block-columns is-layout-flex wp-container-core-columns-is-layout-1 wp-block-columns-is-layout-flex\">\n<div class=\"wp-block-column is-layout-flow wp-block-column-is-layout-flow\">\n<figure class=\"wp-block-image size-large\"><img loading=\"lazy\" decoding=\"async\" width=\"1024\" height=\"461\" src=\"https:\/\/www.escalechezyanis.fr\/wp-content\/uploads\/2024\/06\/IMG_20230829_171157-1024x461.jpg\" alt=\"\" class=\"wp-image-663\" srcset=\"https:\/\/escalechezyanis.fr\/wp-content\/uploads\/2024\/06\/IMG_20230829_171157-1024x461.jpg 1024w, https:\/\/escalechezyanis.fr\/wp-content\/uploads\/2024\/06\/IMG_20230829_171157-300x135.jpg 300w, https:\/\/escalechezyanis.fr\/wp-content\/uploads\/2024\/06\/IMG_20230829_171157-768x346.jpg 768w, https:\/\/escalechezyanis.fr\/wp-content\/uploads\/2024\/06\/IMG_20230829_171157-1536x691.jpg 1536w, https:\/\/escalechezyanis.fr\/wp-content\/uploads\/2024\/06\/IMG_20230829_171157-2048x922.jpg 2048w, https:\/\/escalechezyanis.fr\/wp-content\/uploads\/2024\/06\/IMG_20230829_171157-850x383.jpg 850w\" sizes=\"(max-width: 1024px) 100vw, 1024px\" \/><\/figure>\n<\/div>\n\n\n\n<div class=\"wp-block-column is-layout-flow wp-block-column-is-layout-flow\">\n<figure class=\"wp-block-image size-large\"><img loading=\"lazy\" decoding=\"async\" width=\"1024\" height=\"461\" src=\"https:\/\/www.escalechezyanis.fr\/wp-content\/uploads\/2024\/06\/IMG_20230829_171129-1024x461.jpg\" alt=\"\" class=\"wp-image-665\" srcset=\"https:\/\/escalechezyanis.fr\/wp-content\/uploads\/2024\/06\/IMG_20230829_171129-1024x461.jpg 1024w, https:\/\/escalechezyanis.fr\/wp-content\/uploads\/2024\/06\/IMG_20230829_171129-300x135.jpg 300w, https:\/\/escalechezyanis.fr\/wp-content\/uploads\/2024\/06\/IMG_20230829_171129-768x346.jpg 768w, https:\/\/escalechezyanis.fr\/wp-content\/uploads\/2024\/06\/IMG_20230829_171129-1536x691.jpg 1536w, https:\/\/escalechezyanis.fr\/wp-content\/uploads\/2024\/06\/IMG_20230829_171129-2048x922.jpg 2048w, https:\/\/escalechezyanis.fr\/wp-content\/uploads\/2024\/06\/IMG_20230829_171129-850x383.jpg 850w\" sizes=\"(max-width: 1024px) 100vw, 1024px\" \/><\/figure>\n<\/div>\n<\/div>\n\n\n\n<p><\/p>\n\n\n\n<p><\/p>\n\n\n\n<p><\/p>\n\n\n\n<p><\/p>\n","protected":false},"excerpt":{"rendered":"<p>Mon projet a pour but de cr\u00e9er ma propre voiture radiocommand\u00e9e. Ce projet relie mes deux centres d&rsquo;int\u00e9r\u00eat : l&rsquo;automobile et l&rsquo;informatique. Les 3 grandes parties :<\/p>\n","protected":false},"author":1,"featured_media":0,"parent":0,"menu_order":0,"comment_status":"closed","ping_status":"closed","template":"","meta":{"footnotes":""},"_links":{"self":[{"href":"https:\/\/escalechezyanis.fr\/index.php\/wp-json\/wp\/v2\/pages\/435"}],"collection":[{"href":"https:\/\/escalechezyanis.fr\/index.php\/wp-json\/wp\/v2\/pages"}],"about":[{"href":"https:\/\/escalechezyanis.fr\/index.php\/wp-json\/wp\/v2\/types\/page"}],"author":[{"embeddable":true,"href":"https:\/\/escalechezyanis.fr\/index.php\/wp-json\/wp\/v2\/users\/1"}],"replies":[{"embeddable":true,"href":"https:\/\/escalechezyanis.fr\/index.php\/wp-json\/wp\/v2\/comments?post=435"}],"version-history":[{"count":20,"href":"https:\/\/escalechezyanis.fr\/index.php\/wp-json\/wp\/v2\/pages\/435\/revisions"}],"predecessor-version":[{"id":866,"href":"https:\/\/escalechezyanis.fr\/index.php\/wp-json\/wp\/v2\/pages\/435\/revisions\/866"}],"wp:attachment":[{"href":"https:\/\/escalechezyanis.fr\/index.php\/wp-json\/wp\/v2\/media?parent=435"}],"curies":[{"name":"wp","href":"https:\/\/api.w.org\/{rel}","templated":true}]}}