{"id":283,"date":"2023-07-14T15:16:34","date_gmt":"2023-07-14T15:16:34","guid":{"rendered":"https:\/\/www.escalechezyanis.fr\/?page_id=283"},"modified":"2024-06-27T14:19:54","modified_gmt":"2024-06-27T14:19:54","slug":"jeux-video","status":"publish","type":"page","link":"https:\/\/escalechezyanis.fr\/index.php\/jeux-video\/","title":{"rendered":"Jeux Vid\u00e9o"},"content":{"rendered":"\n<p>Mes jeux favoris en ce moment:<\/p>\n\n\n\n<ul>\n<li><strong><em>Euro Truck Simulator 2<\/em><\/strong> : C&rsquo;est un simulateur de conduite de camions tr\u00e8s vaste (gr\u00e2ce \u00e0 des DLC, on peut conduire dans toute l&rsquo;Europe). Il est tr\u00e8s r\u00e9aliste car il fait respecter le code de la route comme dans la vraie vie (exc\u00e8s de vitesse, passage au feux rouge, etc&#8230;), contient une gestion de son entreprise (des fonds surtout) et de ses propres camions (\u00e9tats des camions, niveau d&rsquo;essence&#8230;), des graphismes magnifiques et une multitude de choix de livraisons et de contrats.<\/li>\n<\/ul>\n\n\n\n<figure class=\"wp-block-gallery has-nested-images columns-1 is-cropped wp-block-gallery-1 is-layout-flex wp-block-gallery-is-layout-flex\">\n<figure class=\"wp-block-image size-large\"><img loading=\"lazy\" decoding=\"async\" width=\"1024\" height=\"577\" data-id=\"291\" src=\"https:\/\/www.escalechezyanis.fr\/wp-content\/uploads\/2023\/07\/Capture-exterieur-1024x577.png\" alt=\"\" class=\"wp-image-291\" srcset=\"https:\/\/escalechezyanis.fr\/wp-content\/uploads\/2023\/07\/Capture-exterieur-1024x577.png 1024w, https:\/\/escalechezyanis.fr\/wp-content\/uploads\/2023\/07\/Capture-exterieur-300x169.png 300w, https:\/\/escalechezyanis.fr\/wp-content\/uploads\/2023\/07\/Capture-exterieur-768x433.png 768w, https:\/\/escalechezyanis.fr\/wp-content\/uploads\/2023\/07\/Capture-exterieur-850x479.png 850w, https:\/\/escalechezyanis.fr\/wp-content\/uploads\/2023\/07\/Capture-exterieur.png 1298w\" sizes=\"(max-width: 1024px) 100vw, 1024px\" \/><\/figure>\n\n\n\n<figure class=\"wp-block-image size-large\"><img loading=\"lazy\" decoding=\"async\" width=\"1024\" height=\"575\" data-id=\"295\" src=\"https:\/\/www.escalechezyanis.fr\/wp-content\/uploads\/2023\/07\/Capture-interieur-1-1024x575.png\" alt=\"\" class=\"wp-image-295\" srcset=\"https:\/\/escalechezyanis.fr\/wp-content\/uploads\/2023\/07\/Capture-interieur-1-1024x575.png 1024w, https:\/\/escalechezyanis.fr\/wp-content\/uploads\/2023\/07\/Capture-interieur-1-300x168.png 300w, https:\/\/escalechezyanis.fr\/wp-content\/uploads\/2023\/07\/Capture-interieur-1-768x431.png 768w, https:\/\/escalechezyanis.fr\/wp-content\/uploads\/2023\/07\/Capture-interieur-1-850x477.png 850w, https:\/\/escalechezyanis.fr\/wp-content\/uploads\/2023\/07\/Capture-interieur-1.png 1302w\" sizes=\"(max-width: 1024px) 100vw, 1024px\" \/><\/figure>\n<\/figure>\n\n\n\n<ul>\n<li><strong><em>F1 22<\/em><\/strong> : C&rsquo;est un simulateur de courses de F1. Il est tr\u00e8s int\u00e9ressant car il contient toutes les courses de l\u2019ann\u00e9e en suivant le calendrier de la saison de F1 officiel et tous les param\u00e8tres qu&rsquo;un vrai pilote a \u00e0 sa disposition. Les graphismes sont aussi tr\u00e8s r\u00e9ussis sur ce jeu.<\/li>\n<\/ul>\n\n\n\n<figure class=\"wp-block-image size-large is-resized\"><img loading=\"lazy\" decoding=\"async\" width=\"1024\" height=\"578\" src=\"https:\/\/www.escalechezyanis.fr\/wp-content\/uploads\/2023\/07\/capture-1-1024x578.png\" alt=\"\" class=\"wp-image-293\" style=\"width:840px;height:474px\" srcset=\"https:\/\/escalechezyanis.fr\/wp-content\/uploads\/2023\/07\/capture-1-1024x578.png 1024w, https:\/\/escalechezyanis.fr\/wp-content\/uploads\/2023\/07\/capture-1-300x169.png 300w, https:\/\/escalechezyanis.fr\/wp-content\/uploads\/2023\/07\/capture-1-768x434.png 768w, https:\/\/escalechezyanis.fr\/wp-content\/uploads\/2023\/07\/capture-1-850x480.png 850w, https:\/\/escalechezyanis.fr\/wp-content\/uploads\/2023\/07\/capture-1.png 1298w\" sizes=\"(max-width: 1024px) 100vw, 1024px\" \/><\/figure>\n\n\n\n<ul>\n<li><em><strong>Forza Horizon 5<\/strong><\/em> : Ce jeu est lui un simulateur de conduite de voiture. Il est sans limites, tant en vitesse qu&rsquo;en choix de voitures. Il propose aussi beaucoup de pr\u00e9parations de voitures et pleins d&rsquo;\u00e9v\u00e9nements. Les graphismes sont l\u00e0 aussi splendides.<\/li>\n<\/ul>\n\n\n\n<figure class=\"wp-block-image size-large\"><img loading=\"lazy\" decoding=\"async\" width=\"1024\" height=\"579\" src=\"https:\/\/www.escalechezyanis.fr\/wp-content\/uploads\/2023\/07\/Capture-2-1024x579.png\" alt=\"\" class=\"wp-image-299\" srcset=\"https:\/\/escalechezyanis.fr\/wp-content\/uploads\/2023\/07\/Capture-2-1024x579.png 1024w, https:\/\/escalechezyanis.fr\/wp-content\/uploads\/2023\/07\/Capture-2-300x170.png 300w, https:\/\/escalechezyanis.fr\/wp-content\/uploads\/2023\/07\/Capture-2-768x434.png 768w, https:\/\/escalechezyanis.fr\/wp-content\/uploads\/2023\/07\/Capture-2-850x481.png 850w, https:\/\/escalechezyanis.fr\/wp-content\/uploads\/2023\/07\/Capture-2.png 1300w\" sizes=\"(max-width: 1024px) 100vw, 1024px\" \/><\/figure>\n\n\n\n<ul>\n<li><strong>Riders Republic<\/strong> : C&rsquo;est un jeu vid\u00e9o de sport extr\u00eame (Cyclisme, Ski, Snowboard et Wingsuit) en monde ouvert. Les joueurs peuvent explorer un immense terrain de jeu combinant plusieurs parcs nationaux am\u00e9ricains, notamment Bryce Canyon, Yosemite Valley, et Mammoth Mountain. <strong>Riders Republic<\/strong> est un jeu vid\u00e9o riche en contenus et diversifi\u00e9, destin\u00e9 aux amateurs de sports extr\u00eames et aux joueurs qui aiment explorer et participer \u00e0 des comp\u00e9titions en monde ouvert.<\/li>\n<\/ul>\n\n\n\n<figure class=\"wp-block-image size-large\"><img loading=\"lazy\" decoding=\"async\" width=\"1024\" height=\"576\" src=\"https:\/\/www.escalechezyanis.fr\/wp-content\/uploads\/2024\/06\/image-2-1024x576.png\" alt=\"\" class=\"wp-image-515\" srcset=\"https:\/\/escalechezyanis.fr\/wp-content\/uploads\/2024\/06\/image-2-1024x576.png 1024w, https:\/\/escalechezyanis.fr\/wp-content\/uploads\/2024\/06\/image-2-300x169.png 300w, https:\/\/escalechezyanis.fr\/wp-content\/uploads\/2024\/06\/image-2-768x432.png 768w, https:\/\/escalechezyanis.fr\/wp-content\/uploads\/2024\/06\/image-2-1536x864.png 1536w, https:\/\/escalechezyanis.fr\/wp-content\/uploads\/2024\/06\/image-2-850x478.png 850w, https:\/\/escalechezyanis.fr\/wp-content\/uploads\/2024\/06\/image-2.png 1920w\" sizes=\"(max-width: 1024px) 100vw, 1024px\" \/><\/figure>\n\n\n\n<p><\/p>\n\n\n\n<p>Mon setup gaming (mat\u00e9riel de jeu) :<\/p>\n\n\n\n<ul>\n<li>Un volant Logitech G29<\/li>\n<\/ul>\n\n\n\n<figure class=\"wp-block-image size-full is-resized\"><img loading=\"lazy\" decoding=\"async\" width=\"609\" height=\"465\" src=\"https:\/\/www.escalechezyanis.fr\/wp-content\/uploads\/2023\/07\/Capture-3.png\" alt=\"\" class=\"wp-image-309\" style=\"width:329px;height:251px\" srcset=\"https:\/\/escalechezyanis.fr\/wp-content\/uploads\/2023\/07\/Capture-3.png 609w, https:\/\/escalechezyanis.fr\/wp-content\/uploads\/2023\/07\/Capture-3-300x229.png 300w\" sizes=\"(max-width: 609px) 100vw, 609px\" \/><\/figure>\n\n\n\n<ul>\n<li>Un clavier et une souris G-LAB<\/li>\n<\/ul>\n\n\n\n<figure class=\"wp-block-image size-full is-resized\"><img loading=\"lazy\" decoding=\"async\" width=\"615\" height=\"455\" src=\"https:\/\/www.escalechezyanis.fr\/wp-content\/uploads\/2023\/07\/Capture-clavier.png\" alt=\"\" class=\"wp-image-312\" style=\"width:319px;height:236px\" srcset=\"https:\/\/escalechezyanis.fr\/wp-content\/uploads\/2023\/07\/Capture-clavier.png 615w, https:\/\/escalechezyanis.fr\/wp-content\/uploads\/2023\/07\/Capture-clavier-300x222.png 300w\" sizes=\"(max-width: 615px) 100vw, 615px\" \/><\/figure>\n\n\n\n<ul>\n<li>Une Radeon RX550\/550 Series pour carte graphique<\/li>\n<\/ul>\n\n\n\n<figure class=\"wp-block-image size-full is-resized\"><img loading=\"lazy\" decoding=\"async\" width=\"525\" height=\"444\" src=\"https:\/\/www.escalechezyanis.fr\/wp-content\/uploads\/2023\/07\/Capture-carte-graph.png\" alt=\"\" class=\"wp-image-313\" style=\"width:279px;height:236px\" srcset=\"https:\/\/escalechezyanis.fr\/wp-content\/uploads\/2023\/07\/Capture-carte-graph.png 525w, https:\/\/escalechezyanis.fr\/wp-content\/uploads\/2023\/07\/Capture-carte-graph-300x254.png 300w\" sizes=\"(max-width: 525px) 100vw, 525px\" \/><\/figure>\n\n\n\n<ul>\n<li>Un Intel Core i5-9600K CPU @ 3.70Ghz en processeur<\/li>\n<\/ul>\n\n\n\n<figure class=\"wp-block-image size-full is-resized\"><img loading=\"lazy\" decoding=\"async\" width=\"819\" height=\"618\" src=\"https:\/\/www.escalechezyanis.fr\/wp-content\/uploads\/2023\/07\/Capture-processeur.png\" alt=\"\" class=\"wp-image-316\" style=\"width:329px;height:248px\" srcset=\"https:\/\/escalechezyanis.fr\/wp-content\/uploads\/2023\/07\/Capture-processeur.png 819w, https:\/\/escalechezyanis.fr\/wp-content\/uploads\/2023\/07\/Capture-processeur-300x226.png 300w, https:\/\/escalechezyanis.fr\/wp-content\/uploads\/2023\/07\/Capture-processeur-768x580.png 768w\" sizes=\"(max-width: 819px) 100vw, 819px\" \/><\/figure>\n","protected":false},"excerpt":{"rendered":"<p>Mes jeux favoris en ce moment: Mon setup gaming (mat\u00e9riel de jeu) :<\/p>\n","protected":false},"author":1,"featured_media":0,"parent":0,"menu_order":0,"comment_status":"closed","ping_status":"closed","template":"","meta":{"footnotes":""},"_links":{"self":[{"href":"https:\/\/escalechezyanis.fr\/index.php\/wp-json\/wp\/v2\/pages\/283"}],"collection":[{"href":"https:\/\/escalechezyanis.fr\/index.php\/wp-json\/wp\/v2\/pages"}],"about":[{"href":"https:\/\/escalechezyanis.fr\/index.php\/wp-json\/wp\/v2\/types\/page"}],"author":[{"embeddable":true,"href":"https:\/\/escalechezyanis.fr\/index.php\/wp-json\/wp\/v2\/users\/1"}],"replies":[{"embeddable":true,"href":"https:\/\/escalechezyanis.fr\/index.php\/wp-json\/wp\/v2\/comments?post=283"}],"version-history":[{"count":16,"href":"https:\/\/escalechezyanis.fr\/index.php\/wp-json\/wp\/v2\/pages\/283\/revisions"}],"predecessor-version":[{"id":693,"href":"https:\/\/escalechezyanis.fr\/index.php\/wp-json\/wp\/v2\/pages\/283\/revisions\/693"}],"wp:attachment":[{"href":"https:\/\/escalechezyanis.fr\/index.php\/wp-json\/wp\/v2\/media?parent=283"}],"curies":[{"name":"wp","href":"https:\/\/api.w.org\/{rel}","templated":true}]}}