{"id":144,"date":"2023-07-04T12:39:24","date_gmt":"2023-07-04T12:39:24","guid":{"rendered":"https:\/\/www.escalechezyanis.fr\/?page_id=144"},"modified":"2024-11-27T07:59:58","modified_gmt":"2024-11-27T07:59:58","slug":"dessin-technique","status":"publish","type":"page","link":"https:\/\/escalechezyanis.fr\/index.php\/dessin-technique\/","title":{"rendered":"Dessin technique"},"content":{"rendered":"\n<p>J&rsquo;ai utilis\u00e9 le logiciel <strong>Tinkercad<\/strong> afin de r\u00e9aliser la mod\u00e9lisation 3D.<\/p>\n\n\n\n<figure class=\"wp-block-image size-large\"><img loading=\"lazy\" decoding=\"async\" width=\"1024\" height=\"559\" src=\"https:\/\/www.escalechezyanis.fr\/wp-content\/uploads\/2023\/07\/capture-tinkercad-1024x559.png\" alt=\"\" class=\"wp-image-200\" srcset=\"https:\/\/escalechezyanis.fr\/wp-content\/uploads\/2023\/07\/capture-tinkercad-1024x559.png 1024w, https:\/\/escalechezyanis.fr\/wp-content\/uploads\/2023\/07\/capture-tinkercad-300x164.png 300w, https:\/\/escalechezyanis.fr\/wp-content\/uploads\/2023\/07\/capture-tinkercad-768x419.png 768w, https:\/\/escalechezyanis.fr\/wp-content\/uploads\/2023\/07\/capture-tinkercad-1536x838.png 1536w, https:\/\/escalechezyanis.fr\/wp-content\/uploads\/2023\/07\/capture-tinkercad-850x464.png 850w, https:\/\/escalechezyanis.fr\/wp-content\/uploads\/2023\/07\/capture-tinkercad.png 1672w\" sizes=\"(max-width: 1024px) 100vw, 1024px\" \/><\/figure>\n\n\n\n<p>Puis utilis\u00e9 le logiciel <strong>Cura<\/strong> qui permet de programme l&rsquo;impression 3D en fonction de l&rsquo;imprimante qu&rsquo;on utilise.<\/p>\n\n\n\n<figure class=\"wp-block-image size-large\"><img loading=\"lazy\" decoding=\"async\" width=\"1024\" height=\"617\" src=\"https:\/\/www.escalechezyanis.fr\/wp-content\/uploads\/2023\/07\/Capture-cura-1024x617.png\" alt=\"\" class=\"wp-image-199\" srcset=\"https:\/\/escalechezyanis.fr\/wp-content\/uploads\/2023\/07\/Capture-cura-1024x617.png 1024w, https:\/\/escalechezyanis.fr\/wp-content\/uploads\/2023\/07\/Capture-cura-300x180.png 300w, https:\/\/escalechezyanis.fr\/wp-content\/uploads\/2023\/07\/Capture-cura-768x463.png 768w, https:\/\/escalechezyanis.fr\/wp-content\/uploads\/2023\/07\/Capture-cura-1536x926.png 1536w, https:\/\/escalechezyanis.fr\/wp-content\/uploads\/2023\/07\/Capture-cura-850x513.png 850w, https:\/\/escalechezyanis.fr\/wp-content\/uploads\/2023\/07\/Capture-cura.png 1680w\" sizes=\"(max-width: 1024px) 100vw, 1024px\" \/><\/figure>\n","protected":false},"excerpt":{"rendered":"<p>J&rsquo;ai utilis\u00e9 le logiciel Tinkercad afin de r\u00e9aliser la mod\u00e9lisation 3D. Puis utilis\u00e9 le logiciel Cura qui permet de programme l&rsquo;impression 3D en fonction de l&rsquo;imprimante qu&rsquo;on utilise.<\/p>\n","protected":false},"author":1,"featured_media":0,"parent":0,"menu_order":0,"comment_status":"closed","ping_status":"closed","template":"","meta":{"footnotes":""},"_links":{"self":[{"href":"https:\/\/escalechezyanis.fr\/index.php\/wp-json\/wp\/v2\/pages\/144"}],"collection":[{"href":"https:\/\/escalechezyanis.fr\/index.php\/wp-json\/wp\/v2\/pages"}],"about":[{"href":"https:\/\/escalechezyanis.fr\/index.php\/wp-json\/wp\/v2\/types\/page"}],"author":[{"embeddable":true,"href":"https:\/\/escalechezyanis.fr\/index.php\/wp-json\/wp\/v2\/users\/1"}],"replies":[{"embeddable":true,"href":"https:\/\/escalechezyanis.fr\/index.php\/wp-json\/wp\/v2\/comments?post=144"}],"version-history":[{"count":6,"href":"https:\/\/escalechezyanis.fr\/index.php\/wp-json\/wp\/v2\/pages\/144\/revisions"}],"predecessor-version":[{"id":778,"href":"https:\/\/escalechezyanis.fr\/index.php\/wp-json\/wp\/v2\/pages\/144\/revisions\/778"}],"wp:attachment":[{"href":"https:\/\/escalechezyanis.fr\/index.php\/wp-json\/wp\/v2\/media?parent=144"}],"curies":[{"name":"wp","href":"https:\/\/api.w.org\/{rel}","templated":true}]}}